{"id":15292,"date":"2020-03-08T21:43:54","date_gmt":"2020-03-08T20:43:54","guid":{"rendered":"https:\/\/spildooren-ballooning.be\/ballonvaarten\/ballonvaart-7-personen-sint-niklaas\/"},"modified":"2025-07-30T11:11:22","modified_gmt":"2025-07-30T09:11:22","slug":"vol-montgolfiere-7-personnes-saint-nicolas","status":"publish","type":"product","link":"https:\/\/spildooren-ballooning.be\/fr\/montgolfiere\/vol-montgolfiere-7-personnes-saint-nicolas\/","title":{"rendered":"Vol Montgolfi\u00e8re 7 personnes Saint-Nicolas"},"content":{"rendered":"<p>R\u00e9server un vol en montgolfi\u00e8re pour 7 personnes \u00e0 <strong>Saint-Nicolas<\/strong>? C&#8217;est possible avec Spildooren Ballooning. Profitez avec votre famille, vos amis ou vos proches d&#8217;une vue imprenable sur le paysage flamand depuis une montgolfi\u00e8re.<\/p>\n<h2>Quel est le co\u00fbt d&#8217;un vol en montgolfi\u00e8re pour 7 personnes?<\/h2>\n<p>Le vol en montgolfi\u00e8re pour 7 personnes peut \u00eatre r\u00e9serv\u00e9 \u00e0 partir de <strong><span class=\"woocommerce-Price-amount amount\"><bdi><span class=\"woocommerce-Price-currencySymbol\">&euro;<\/span>1.043<\/bdi><\/span> tout compris<\/strong>.<\/p>\n<h2>Lieux de d\u00e9collage<\/h2>\n<p>Spildooren Ballooning dispose de plusieurs lieux de d\u00e9collage uniques que nous utilisons en fonction de la direction et de la vitesse du vent. Ainsi, notre \u00e9quipe exp\u00e9riment\u00e9e peut toujours garantir un vol en montgolfi\u00e8re s\u00fbr et d\u00e9tendu.<\/p>\n<p>Si les conditions m\u00e9t\u00e9orologiques sont favorables avec un vent mod\u00e9r\u00e9 \u00e0 faible, le d\u00e9collage depuis la plus grande place du pays dans le centre-ville de Saint-Nicolas est l&#8217;une des possibilit\u00e9s de vol.<\/p>\n<p>Les autres lieux possibles de d\u00e9part du vol en montgolfi\u00e8re ont un caract\u00e8re plus rural et rustique. \u00c0 ces lieux de d\u00e9collage, nous prenons les airs avec de nombreuses autres montgolfi\u00e8res. Des vues panoramiques magnifiques garanties!<\/p>\n<h2>Qu&#8217;est-ce qui est inclus?<\/h2>\n<ul>\n<li>Mise \u00e0 jour en temps opportun sur le lieu de d\u00e9collage et les conditions m\u00e9t\u00e9orologiques<\/li>\n<li>Briefing complet avant le d\u00e9collage<\/li>\n<li>Spectaculaire vol en montgolfi\u00e8re d&#8217;environ une heure<\/li>\n<li>Casse-cro\u00fbte et boisson pour conclure<\/li>\n<li>Souvenir personnalis\u00e9<\/li>\n<li>Aperitif \u00e9tendu avec bulles sur le lieu d&#8217;atterrissage<\/li>\n<li>\u00c9quipe professionnelle et exp\u00e9riment\u00e9e<\/li>\n<li>Assurance compl\u00e8te des passagers par nos soins<\/li>\n<\/ul>\n<h2>Comment se d\u00e9roule un vol en montgolfi\u00e8re?<\/h2>\n<p>L&#8217;aventure commence avant m\u00eame que vous ne preniez place dans la nacelle. L&#8217;\u00e9quipe pr\u00e9pare la montgolfi\u00e8re avant le d\u00e9part. Vous pouvez assister \u00e0 tout le processus d&#8217;inflation du d\u00e9but \u00e0 la fin. Pendant les pr\u00e9paratifs, vous recevrez un briefing personnel par le pilote. Toutes les informations n\u00e9cessaires et consignes de s\u00e9curit\u00e9 vous seront expliqu\u00e9es en d\u00e9tail. Lors du briefing, le pilote expliquera \u00e9galement pourquoi voler en montgolfi\u00e8re est le sport a\u00e9rien le plus s\u00fbr au monde. Ainsi, m\u00eame le passager le plus stress\u00e9 pourra profiter pleinement du vol qui dure environ une heure.<\/p>\n<p>Nous terminons par un ap\u00e9ritif \u00e9tendu sur le lieu d&#8217;atterrissage, accompagn\u00e9 d&#8217;un casse-cro\u00fbte et d&#8217;une boisson. Pour les plus jeunes parmi nous, nous pr\u00e9voyons \u00e9galement des boissons non alcoolis\u00e9es. Avec un toast traditionnel, nous concluons cette exp\u00e9rience ph\u00e9nom\u00e9nale de mani\u00e8re conviviale. Sur demande, nous proposons \u00e9galement un bapt\u00eame au champagne traditionnel.<\/p>\n<h3>Vol en montgolfi\u00e8re pour 7 personnes: ai-je suffisamment d&#8217;espace?<\/h3>\n<p>Le vol est effectu\u00e9 dans une nacelle compartiment\u00e9e offrant suffisamment d&#8217;espace pour chaque passager.<\/p>\n<h3>Quel \u00e2ge faut-il avoir pour faire un vol en montgolfi\u00e8re?<\/h3>\n<p>Il n&#8217;y a pas d&#8217;\u00e2ge minimum ou maximum pour voler dans une montgolfi\u00e8re \u00e0 air chaud. Pour les enfants de moins de 12 ans, un accompagnateur est obligatoire. Si les enfants ne peuvent pas voir au-dessus du bord de la nacelle, il est conseill\u00e9 d&#8217;utiliser un marche-pied ou tabouret.<\/p>\n<p>Le plus jeune passager chez Spildooren Ballooning avait 3 ans tandis que l&#8217;a\u00een\u00e9 avait 100 ans.<\/p>\n<h3>Que porter pour un vol en montgolfi\u00e8re?<\/h3>\n<p>Les v\u00eatements n\u00e9cessaires pendant le vol sont presque identiques \u00e0 ceux port\u00e9s au sol.<\/p>\n<p><strong>Certainement recommand\u00e9!<\/strong><\/p>\n<ul>\n<li>chaussures robustes<\/li>\n<li>un pantalon long<\/li>\n<\/ul>\n<p>Avec une temp\u00e9rature ext\u00e9rieure autour des 20 degr\u00e9s Celsius, une veste \u00e9paisse n&#8217;est pas n\u00e9cessaire pendant le vol mais elle peut s&#8217;av\u00e9rer utile apr\u00e8s l&#8217;atterrissage lorsque la temp\u00e9rature baisse au coucher du soleil.<\/p>\n<p>Dans une montgolfi\u00e8re, il ne fait pas beaucoup plus froid qu&#8217;au sol car la chaleur \u00e9mise par les br\u00fbleurs compense la baisse des temp\u00e9ratures \u00e0 haute altitude.<\/p>\n<h3>Peur des hauteurs?<\/h3>\n<p>Certains membres du groupe ont-ils peur des hauteurs? Ne laissez pas cela \u00eatre un probl\u00e8me! Pendant un vol en ballon, vous n&#8217;avez aucun contact physique avec le sol ce qui r\u00e9duit automatiquement l&#8217;anxi\u00e9t\u00e9.<\/p>\n<h2>D\u00e9sirez-vous un vol personnalis\u00e9 pour 7 personnes?<\/h2>\n<ul>\n<li>Souhaitez-vous choisir votre propre lieu de d\u00e9collage?<\/li>\n<li>Avez-vous d&#8217;autres souhaits sp\u00e9cifiques concernant votre vol?<\/li>\n<\/ul>\n<p>N&#8217;h\u00e9sitez pas \u00e0 nous contacter pour obtenir une offre personnalis\u00e9e!<\/p>\n","protected":false},"excerpt":{"rendered":"<p>R\u00e9server un <strong>vol en montgolfi\u00e8re<\/strong> pour <strong>7 personnes<\/strong> depuis <strong>Saint-Nicolas<\/strong>? C&#8217;est possible avec Spildooren Ballooning. Profitez des magnifiques vues sur le paysage flamand avec votre famille, vos amis ou vos proches dans une montgolfi\u00e8re.<\/p>\n","protected":false},"featured_media":12335,"template":"","meta":[],"product_brand":[],"product_cat":[864],"product_tag":[875],"class_list":{"0":"post-15292","1":"product","2":"type-product","3":"status-publish","4":"has-post-thumbnail","6":"product_cat-vols-en-montgolfiere","7":"product_tag-saint-nicolas","8":"wcpa_has_options","10":"first","11":"instock","12":"taxable","13":"shipping-taxable","14":"purchasable","15":"product-type-simple"},"exclude_global_add_ons":[],"addons":[],"yoast_head":"<!-- This site is optimized with the Yoast SEO Premium plugin v20.8 (Yoast SEO v26.1) - https:\/\/yoast.com\/wordpress\/plugins\/seo\/ -->\n<title>Vol Montgolfi\u00e8re 7 Personnes Saint-Nicolas | Spildooren<\/title>\n<meta name=\"description\" content=\"R\u00e9servez un vol en montgolfi\u00e8re pour 7 personnes depuis Saint-Nicolas. Admirez les vues flamandes avec Spildooren Ballooning! \ud83c\udf05\ud83c\udf88\" \/>\n<link rel=\"canonical\" href=\"https:\/\/spildooren-ballooning.be\/fr\/montgolfiere\/vol-montgolfiere-7-personnes-saint-nicolas\/\" \/>\n<meta property=\"og:locale\" content=\"fr_FR\" \/>\n<meta property=\"og:type\" content=\"article\" \/>\n<meta property=\"og:title\" content=\"Vol Montgolfi\u00e8re 7 personnes Saint-Nicolas\" \/>\n<meta property=\"og:description\" content=\"R\u00e9servez un vol en montgolfi\u00e8re pour 7 personnes depuis Saint-Nicolas. Admirez les vues flamandes avec Spildooren Ballooning! \ud83c\udf05\ud83c\udf88\" \/>\n<meta property=\"og:url\" content=\"https:\/\/spildooren-ballooning.be\/fr\/montgolfiere\/vol-montgolfiere-7-personnes-saint-nicolas\/\" \/>\n<meta property=\"og:site_name\" content=\"Spildooren Ballooning\" \/>\n<meta property=\"article:publisher\" content=\"https:\/\/www.facebook.com\/spildoorenballooning\/\" \/>\n<meta property=\"article:modified_time\" content=\"2025-07-30T09:11:22+00:00\" \/>\n<meta property=\"og:image\" content=\"https:\/\/spildooren-ballooning.be\/wp-content\/uploads\/2020\/03\/ballonvaart-7-personen-sint-niklaas-box.jpg?_t=1746370507\" \/>\n\t<meta property=\"og:image:width\" content=\"1800\" \/>\n\t<meta property=\"og:image:height\" content=\"1800\" \/>\n\t<meta property=\"og:image:type\" content=\"image\/jpeg\" \/>\n<meta name=\"twitter:card\" content=\"summary_large_image\" \/>\n<meta name=\"twitter:site\" content=\"@ballonvaart__\" \/>\n<meta name=\"twitter:label1\" content=\"Price\" \/>\n\t<meta name=\"twitter:data1\" content=\"&euro;1.043,00\" \/>\n\t<meta name=\"twitter:label2\" content=\"Availability\" \/>\n\t<meta name=\"twitter:data2\" content=\"In stock\" \/>\n<script type=\"application\/ld+json\" class=\"yoast-schema-graph\">{\"@context\":\"https:\/\/schema.org\",\"@graph\":[{\"@type\":\"WebPage\",\"@id\":\"https:\/\/spildooren-ballooning.be\/fr\/montgolfiere\/vol-montgolfiere-7-personnes-saint-nicolas\/\",\"url\":\"https:\/\/spildooren-ballooning.be\/fr\/montgolfiere\/vol-montgolfiere-7-personnes-saint-nicolas\/\",\"name\":\"Vol Montgolfi\u00e8re 7 Personnes Saint-Nicolas | Spildooren\",\"isPartOf\":{\"@id\":\"https:\/\/spildooren-ballooning.be\/fr\/#website\"},\"primaryImageOfPage\":{\"@id\":\"https:\/\/spildooren-ballooning.be\/fr\/montgolfiere\/vol-montgolfiere-7-personnes-saint-nicolas\/#primaryimage\"},\"image\":{\"@id\":\"https:\/\/spildooren-ballooning.be\/fr\/montgolfiere\/vol-montgolfiere-7-personnes-saint-nicolas\/#primaryimage\"},\"thumbnailUrl\":\"https:\/\/spildooren-ballooning.be\/wp-content\/uploads\/2020\/03\/ballonvaart-7-personen-sint-niklaas-box.jpg\",\"datePublished\":\"2020-03-08T20:43:54+00:00\",\"dateModified\":\"2025-07-30T09:11:22+00:00\",\"description\":\"R\u00e9servez un vol en montgolfi\u00e8re pour 7 personnes depuis Saint-Nicolas. Admirez les vues flamandes avec Spildooren Ballooning! \ud83c\udf05\ud83c\udf88\",\"breadcrumb\":{\"@id\":\"https:\/\/spildooren-ballooning.be\/fr\/montgolfiere\/vol-montgolfiere-7-personnes-saint-nicolas\/#breadcrumb\"},\"inLanguage\":\"fr-BE\",\"potentialAction\":[{\"@type\":\"ReadAction\",\"target\":[\"https:\/\/spildooren-ballooning.be\/fr\/montgolfiere\/vol-montgolfiere-7-personnes-saint-nicolas\/\"]}]},{\"@type\":\"ImageObject\",\"inLanguage\":\"fr-BE\",\"@id\":\"https:\/\/spildooren-ballooning.be\/fr\/montgolfiere\/vol-montgolfiere-7-personnes-saint-nicolas\/#primaryimage\",\"url\":\"https:\/\/spildooren-ballooning.be\/wp-content\/uploads\/2020\/03\/ballonvaart-7-personen-sint-niklaas-box.jpg\",\"contentUrl\":\"https:\/\/spildooren-ballooning.be\/wp-content\/uploads\/2020\/03\/ballonvaart-7-personen-sint-niklaas-box.jpg\",\"width\":1800,\"height\":1800},{\"@type\":\"BreadcrumbList\",\"@id\":\"https:\/\/spildooren-ballooning.be\/fr\/montgolfiere\/vol-montgolfiere-7-personnes-saint-nicolas\/#breadcrumb\",\"itemListElement\":[{\"@type\":\"ListItem\",\"position\":1,\"name\":\"Home\",\"item\":\"https:\/\/spildooren-ballooning.be\/fr\/\"},{\"@type\":\"ListItem\",\"position\":2,\"name\":\"Vols en montgolfi\u00e8re\",\"item\":\"https:\/\/spildooren-ballooning.be\/fr\/vols-montgolfiere\/\"},{\"@type\":\"ListItem\",\"position\":3,\"name\":\"Vol Montgolfi\u00e8re 7 personnes Saint-Nicolas\"}]},{\"@type\":\"WebSite\",\"@id\":\"https:\/\/spildooren-ballooning.be\/fr\/#website\",\"url\":\"https:\/\/spildooren-ballooning.be\/fr\/\",\"name\":\"Spildooren Ballooning\",\"description\":\"d\u00e9 specialist in ballonvaarten\",\"publisher\":{\"@id\":\"https:\/\/spildooren-ballooning.be\/fr\/#organization\"},\"alternateName\":\"Spildooren Ballonvaarten\",\"potentialAction\":[{\"@type\":\"SearchAction\",\"target\":{\"@type\":\"EntryPoint\",\"urlTemplate\":\"https:\/\/spildooren-ballooning.be\/fr\/?s={search_term_string}\"},\"query-input\":{\"@type\":\"PropertyValueSpecification\",\"valueRequired\":true,\"valueName\":\"search_term_string\"}}],\"inLanguage\":\"fr-BE\"},{\"@type\":[\"Organization\",\"Place\"],\"@id\":\"https:\/\/spildooren-ballooning.be\/fr\/#organization\",\"name\":\"Spildooren Ballooning Ballonvaarten\",\"alternateName\":\"Spildooren Ballonvaarten\",\"url\":\"https:\/\/spildooren-ballooning.be\/fr\/\",\"logo\":{\"@id\":\"https:\/\/spildooren-ballooning.be\/fr\/montgolfiere\/vol-montgolfiere-7-personnes-saint-nicolas\/#local-main-organization-logo\"},\"image\":{\"@id\":\"https:\/\/spildooren-ballooning.be\/fr\/montgolfiere\/vol-montgolfiere-7-personnes-saint-nicolas\/#local-main-organization-logo\"},\"sameAs\":[\"https:\/\/www.facebook.com\/spildoorenballooning\/\",\"https:\/\/x.com\/ballonvaart__\"],\"address\":{\"@id\":\"https:\/\/spildooren-ballooning.be\/fr\/montgolfiere\/vol-montgolfiere-7-personnes-saint-nicolas\/#local-main-place-address\"},\"telephone\":[\"037763246\",\"0472651235\"],\"openingHoursSpecification\":[],\"email\":\"info@spildooren-ballooning.be\",\"vatID\":\"BE 0691.794.892\"},{\"@type\":\"PostalAddress\",\"@id\":\"https:\/\/spildooren-ballooning.be\/fr\/montgolfiere\/vol-montgolfiere-7-personnes-saint-nicolas\/#local-main-place-address\",\"streetAddress\":\"Prins Boudewijnlaan 51\",\"addressLocality\":\"Sint-Niklaas\",\"postalCode\":\"9100\",\"addressRegion\":\"Oost-Vlaanderen\",\"addressCountry\":\"BE\"},{\"@type\":\"ImageObject\",\"inLanguage\":\"fr-BE\",\"@id\":\"https:\/\/spildooren-ballooning.be\/fr\/montgolfiere\/vol-montgolfiere-7-personnes-saint-nicolas\/#local-main-organization-logo\",\"url\":\"https:\/\/spildooren-ballooning.be\/wp-content\/uploads\/2020\/03\/logo-spildooren-ballooning-ballonvaarten.png\",\"contentUrl\":\"https:\/\/spildooren-ballooning.be\/wp-content\/uploads\/2020\/03\/logo-spildooren-ballooning-ballonvaarten.png\",\"width\":640,\"height\":191,\"caption\":\"Spildooren Ballooning Ballonvaarten\"}]}<\/script>\n<meta property=\"product:price:amount\" content=\"1043.00\" \/>\n<meta property=\"product:price:currency\" content=\"EUR\" \/>\n<meta property=\"og:availability\" content=\"instock\" \/>\n<meta property=\"product:availability\" content=\"instock\" \/>\n<meta property=\"product:condition\" content=\"new\" \/>\n<meta name=\"geo.placename\" content=\"Sint-Niklaas\" \/>\n<meta name=\"geo.region\" content=\"Belgium\" \/>\n<!-- \/ Yoast SEO Premium plugin. -->","yoast_head_json":{"title":"Vol Montgolfi\u00e8re 7 Personnes Saint-Nicolas | Spildooren","description":"R\u00e9servez un vol en montgolfi\u00e8re pour 7 personnes depuis Saint-Nicolas. Admirez les vues flamandes avec Spildooren Ballooning! \ud83c\udf05\ud83c\udf88","canonical":"https:\/\/spildooren-ballooning.be\/fr\/montgolfiere\/vol-montgolfiere-7-personnes-saint-nicolas\/","og_locale":"fr_FR","og_type":"article","og_title":"Vol Montgolfi\u00e8re 7 personnes Saint-Nicolas","og_description":"R\u00e9servez un vol en montgolfi\u00e8re pour 7 personnes depuis Saint-Nicolas. Admirez les vues flamandes avec Spildooren Ballooning! \ud83c\udf05\ud83c\udf88","og_url":"https:\/\/spildooren-ballooning.be\/fr\/montgolfiere\/vol-montgolfiere-7-personnes-saint-nicolas\/","og_site_name":"Spildooren Ballooning","article_publisher":"https:\/\/www.facebook.com\/spildoorenballooning\/","article_modified_time":"2025-07-30T09:11:22+00:00","og_image":[{"width":1800,"height":1800,"url":"https:\/\/spildooren-ballooning.be\/wp-content\/uploads\/2020\/03\/ballonvaart-7-personen-sint-niklaas-box.jpg?_t=1746370507","type":"image\/jpeg"}],"twitter_card":"summary_large_image","twitter_site":"@ballonvaart__","twitter_misc":{"Price":"&euro;1.043,00","Availability":"In stock"},"schema":{"@context":"https:\/\/schema.org","@graph":[{"@type":"WebPage","@id":"https:\/\/spildooren-ballooning.be\/fr\/montgolfiere\/vol-montgolfiere-7-personnes-saint-nicolas\/","url":"https:\/\/spildooren-ballooning.be\/fr\/montgolfiere\/vol-montgolfiere-7-personnes-saint-nicolas\/","name":"Vol Montgolfi\u00e8re 7 Personnes Saint-Nicolas | Spildooren","isPartOf":{"@id":"https:\/\/spildooren-ballooning.be\/fr\/#website"},"primaryImageOfPage":{"@id":"https:\/\/spildooren-ballooning.be\/fr\/montgolfiere\/vol-montgolfiere-7-personnes-saint-nicolas\/#primaryimage"},"image":{"@id":"https:\/\/spildooren-ballooning.be\/fr\/montgolfiere\/vol-montgolfiere-7-personnes-saint-nicolas\/#primaryimage"},"thumbnailUrl":"https:\/\/spildooren-ballooning.be\/wp-content\/uploads\/2020\/03\/ballonvaart-7-personen-sint-niklaas-box.jpg","datePublished":"2020-03-08T20:43:54+00:00","dateModified":"2025-07-30T09:11:22+00:00","description":"R\u00e9servez un vol en montgolfi\u00e8re pour 7 personnes depuis Saint-Nicolas. Admirez les vues flamandes avec Spildooren Ballooning! \ud83c\udf05\ud83c\udf88","breadcrumb":{"@id":"https:\/\/spildooren-ballooning.be\/fr\/montgolfiere\/vol-montgolfiere-7-personnes-saint-nicolas\/#breadcrumb"},"inLanguage":"fr-BE","potentialAction":[{"@type":"ReadAction","target":["https:\/\/spildooren-ballooning.be\/fr\/montgolfiere\/vol-montgolfiere-7-personnes-saint-nicolas\/"]}]},{"@type":"ImageObject","inLanguage":"fr-BE","@id":"https:\/\/spildooren-ballooning.be\/fr\/montgolfiere\/vol-montgolfiere-7-personnes-saint-nicolas\/#primaryimage","url":"https:\/\/spildooren-ballooning.be\/wp-content\/uploads\/2020\/03\/ballonvaart-7-personen-sint-niklaas-box.jpg","contentUrl":"https:\/\/spildooren-ballooning.be\/wp-content\/uploads\/2020\/03\/ballonvaart-7-personen-sint-niklaas-box.jpg","width":1800,"height":1800},{"@type":"BreadcrumbList","@id":"https:\/\/spildooren-ballooning.be\/fr\/montgolfiere\/vol-montgolfiere-7-personnes-saint-nicolas\/#breadcrumb","itemListElement":[{"@type":"ListItem","position":1,"name":"Home","item":"https:\/\/spildooren-ballooning.be\/fr\/"},{"@type":"ListItem","position":2,"name":"Vols en montgolfi\u00e8re","item":"https:\/\/spildooren-ballooning.be\/fr\/vols-montgolfiere\/"},{"@type":"ListItem","position":3,"name":"Vol Montgolfi\u00e8re 7 personnes Saint-Nicolas"}]},{"@type":"WebSite","@id":"https:\/\/spildooren-ballooning.be\/fr\/#website","url":"https:\/\/spildooren-ballooning.be\/fr\/","name":"Spildooren Ballooning","description":"d\u00e9 specialist in ballonvaarten","publisher":{"@id":"https:\/\/spildooren-ballooning.be\/fr\/#organization"},"alternateName":"Spildooren Ballonvaarten","potentialAction":[{"@type":"SearchAction","target":{"@type":"EntryPoint","urlTemplate":"https:\/\/spildooren-ballooning.be\/fr\/?s={search_term_string}"},"query-input":{"@type":"PropertyValueSpecification","valueRequired":true,"valueName":"search_term_string"}}],"inLanguage":"fr-BE"},{"@type":["Organization","Place"],"@id":"https:\/\/spildooren-ballooning.be\/fr\/#organization","name":"Spildooren Ballooning Ballonvaarten","alternateName":"Spildooren Ballonvaarten","url":"https:\/\/spildooren-ballooning.be\/fr\/","logo":{"@id":"https:\/\/spildooren-ballooning.be\/fr\/montgolfiere\/vol-montgolfiere-7-personnes-saint-nicolas\/#local-main-organization-logo"},"image":{"@id":"https:\/\/spildooren-ballooning.be\/fr\/montgolfiere\/vol-montgolfiere-7-personnes-saint-nicolas\/#local-main-organization-logo"},"sameAs":["https:\/\/www.facebook.com\/spildoorenballooning\/","https:\/\/x.com\/ballonvaart__"],"address":{"@id":"https:\/\/spildooren-ballooning.be\/fr\/montgolfiere\/vol-montgolfiere-7-personnes-saint-nicolas\/#local-main-place-address"},"telephone":["037763246","0472651235","037763246","0472651235"],"openingHoursSpecification":[],"email":"info@spildooren-ballooning.be","vatID":"BE 0691.794.892"},{"@type":"PostalAddress","@id":"https:\/\/spildooren-ballooning.be\/fr\/montgolfiere\/vol-montgolfiere-7-personnes-saint-nicolas\/#local-main-place-address","streetAddress":"Prins Boudewijnlaan 51","addressLocality":"Sint-Niklaas","postalCode":"9100","addressRegion":"Oost-Vlaanderen","addressCountry":"BE"},{"@type":"ImageObject","inLanguage":"fr-BE","@id":"https:\/\/spildooren-ballooning.be\/fr\/montgolfiere\/vol-montgolfiere-7-personnes-saint-nicolas\/#local-main-organization-logo","url":"https:\/\/spildooren-ballooning.be\/wp-content\/uploads\/2020\/03\/logo-spildooren-ballooning-ballonvaarten.png","contentUrl":"https:\/\/spildooren-ballooning.be\/wp-content\/uploads\/2020\/03\/logo-spildooren-ballooning-ballonvaarten.png","width":640,"height":191,"caption":"Spildooren Ballooning Ballonvaarten"}]},"product_price_amount":"1043.00","product_price_currency":"EUR","og_availability":"instock","product_availability":"instock","product_condition":"new","geo.placename":"Sint-Niklaas","geo.region":"Belgium"},"_links":{"self":[{"href":"https:\/\/spildooren-ballooning.be\/fr\/wp-json\/wp\/v2\/product\/15292","targetHints":{"allow":["GET"]}}],"collection":[{"href":"https:\/\/spildooren-ballooning.be\/fr\/wp-json\/wp\/v2\/product"}],"about":[{"href":"https:\/\/spildooren-ballooning.be\/fr\/wp-json\/wp\/v2\/types\/product"}],"wp:featuredmedia":[{"embeddable":true,"href":"https:\/\/spildooren-ballooning.be\/fr\/wp-json\/wp\/v2\/media\/12335"}],"wp:attachment":[{"href":"https:\/\/spildooren-ballooning.be\/fr\/wp-json\/wp\/v2\/media?parent=15292"}],"wp:term":[{"taxonomy":"product_brand","embeddable":true,"href":"https:\/\/spildooren-ballooning.be\/fr\/wp-json\/wp\/v2\/product_brand?post=15292"},{"taxonomy":"product_cat","embeddable":true,"href":"https:\/\/spildooren-ballooning.be\/fr\/wp-json\/wp\/v2\/product_cat?post=15292"},{"taxonomy":"product_tag","embeddable":true,"href":"https:\/\/spildooren-ballooning.be\/fr\/wp-json\/wp\/v2\/product_tag?post=15292"}],"curies":[{"name":"wp","href":"https:\/\/api.w.org\/{rel}","templated":true}]}}