{"id":15268,"date":"2020-03-08T22:56:09","date_gmt":"2020-03-08T21:56:09","guid":{"rendered":"https:\/\/spildooren-ballooning.be\/ballonvaarten\/ballonvaart-6-personen-vlaams-brabant\/"},"modified":"2025-07-30T11:10:58","modified_gmt":"2025-07-30T09:10:58","slug":"vol-montgolfiere-6-personnes-brabant-flamand","status":"publish","type":"product","link":"https:\/\/spildooren-ballooning.be\/fr\/montgolfiere\/vol-montgolfiere-6-personnes-brabant-flamand\/","title":{"rendered":"Vol Montgolfi\u00e8re 6 personnes Brabant Flamand"},"content":{"rendered":"<p>Un <strong>vol en montgolfi\u00e8re pour 6 personnes depuis le Brabant flamand<\/strong> est l&#8217;une des formules de vol propos\u00e9es par Spildooren Ballooning. Profitez avec votre famille, vos amis ou vos proches des vues les plus magnifiques que la Flandre a \u00e0 offrir.<\/p>\n<h2>Quel est le co\u00fbt d&#8217;un vol en montgolfi\u00e8re pour 6 personnes ?<\/h2>\n<p>Le vol en montgolfi\u00e8re pour 6 personnes peut \u00eatre r\u00e9serv\u00e9 \u00e0 partir de <strong><span class=\"woocommerce-Price-amount amount\"><bdi><span class=\"woocommerce-Price-currencySymbol\">&euro;<\/span>954<\/bdi><\/span> tout compris<\/strong>.<\/p>\n<h2>Lieux de d\u00e9collage<\/h2>\n<p>Spildooren Ballooning dispose de quelques lieux de d\u00e9collage exceptionnels que nous utilisons en fonction de la direction et de la vitesse du vent. Ainsi, notre \u00e9quipe exp\u00e9riment\u00e9e peut toujours garantir un vol en montgolfi\u00e8re s\u00fbr et d\u00e9tendu.<\/p>\n<h2>Qu&#8217;est-ce qui est inclus ?<\/h2>\n<ul>\n<li>Mise \u00e0 jour en temps opportun sur le lieu de d\u00e9collage et les conditions m\u00e9t\u00e9orologiques<\/li>\n<li>Briefing complet avant le d\u00e9collage<\/li>\n<li>Spectaculaire vol en montgolfi\u00e8re d&#8217;environ une heure<\/li>\n<li>Casse-cro\u00fbte et boisson pour conclure<\/li>\n<li>Souvenir personnalis\u00e9<\/li>\n<li>Aperitif complet avec bulles sur le lieu d&#8217;atterrissage<\/li>\n<li>\u00c9quipe d&#8217;accompagnement professionnelle et exp\u00e9riment\u00e9e<\/li>\n<li>Assurance compl\u00e8te des passagers par nos soins<\/li>\n<\/ul>\n<h2>Comment se d\u00e9roule un vol en montgolfi\u00e8re ?<\/h2>\n<p>L&#8217;aventure commence avant m\u00eame que vous ne preniez place dans la nacelle. L&#8217;\u00e9quipe pr\u00e9pare la montgolfi\u00e8re avant le d\u00e9part. Vous pouvez assister \u00e0 tout le processus d&#8217;inflation de A \u00e0 Z. Pendant les pr\u00e9paratifs, vous recevrez un briefing personnel du pilote. Toutes les informations n\u00e9cessaires et les consignes de s\u00e9curit\u00e9 vous seront expliqu\u00e9es en d\u00e9tail. Lors du briefing, le pilote expliquera \u00e9galement pourquoi le vol en montgolfi\u00e8re est le sport a\u00e9rien le plus s\u00fbr au monde. Ainsi, m\u00eame le passager le plus stress\u00e9 pourra profiter pleinement du vol qui dure environ une heure.<\/p>\n<p>Nous terminons par un ap\u00e9ritif complet sur le lieu d&#8217;atterrissage, accompagn\u00e9 d&#8217;un casse-cro\u00fbte et d&#8217;une boisson. Pour les plus petits, nous pr\u00e9voyons \u00e9galement des boissons non alcoolis\u00e9es. Avec un toast traditionnel, nous concluons cette exp\u00e9rience ph\u00e9nom\u00e9nale de mani\u00e8re conviviale. Sur demande, nous proposons \u00e9galement un bapt\u00eame au champagne traditionnel.<\/p>\n<h3>Vol en montgolfi\u00e8re pour 6 personnes : ai-je suffisamment d&#8217;espace ?<\/h3>\n<p>Le vol est effectu\u00e9 dans une nacelle compartiment\u00e9e offrant suffisamment d&#8217;espace pour chaque passager.<\/p>\n<h3>Quel \u00e2ge faut-il avoir pour faire un vol en montgolfi\u00e8re ?<\/h3>\n<p>Il n&#8217;y a pas d&#8217;\u00e2ge minimum ou maximum pour voler dans une montgolfi\u00e8re \u00e0 air chaud. Pour les enfants de moins de 12 ans, un accompagnateur est obligatoire. Si les enfants ne peuvent pas voir au-dessus du bord de la nacelle, il est conseill\u00e9 d&#8217;utiliser un marchepied ou un tabouret.<\/p>\n<p>Le plus jeune passager chez Spildooren Ballooning avait 3 ans. Le plus \u00e2g\u00e9 avait quant \u00e0 lui 100 ans.<\/p>\n<h3>Que porter lors d&#8217;un vol en montgolfi\u00e8re ?<\/h3>\n<p>Les v\u00eatements n\u00e9cessaires pendant le vol sont presque identiques \u00e0 ceux port\u00e9s au sol.<\/p>\n<p><strong>Certainement recommand\u00e9 !<\/strong><\/p>\n<ul>\n<li>chaussures robustes<\/li>\n<li>pantalon long<\/li>\n<\/ul>\n<p>Avec une temp\u00e9rature de 20 degr\u00e9s, une veste \u00e9paisse n&#8217;est pas n\u00e9cessaire. Apr\u00e8s le vol, il peut faire assez frais au coucher du soleil. C&#8217;est pourquoi nous recommandons toujours d&#8217;emporter une veste utile pendant l&#8217;ap\u00e9ritif sur le lieu d&#8217;atterrissage.<\/p>\n<p>Dans une montgolfi\u00e8re, il ne fait pas beaucoup plus froid qu&#8217;au sol. Le refroidissement \u00e0 haute altitude est compens\u00e9 par la chaleur \u00e9mise par les br\u00fbleurs de la montgolfi\u00e8re.<\/p>\n<h3>Peur des hauteurs ?<\/h3>\n<p>Certaines personnes ont-elles peur des hauteurs dans votre groupe ? Ne laissez pas cela \u00eatre un probl\u00e8me ! Pendant un vol en montgolfi\u00e8re, vous n&#8217;avez aucun contact physique avec le sol, ce qui fait dispara\u00eetre automatiquement l&#8217;anxi\u00e9t\u00e9.<\/p>\n<h2>D\u00e9sirez-vous un vol en montgolfi\u00e8re sur mesure pour 6 personnes ?<\/h2>\n<ul>\n<li>Souhaitez-vous choisir votre propre lieu de d\u00e9collage ? <\/li>\n<li>Avez-vous d&#8217;autres souhaits sp\u00e9cifiques concernant votre vol ? <\/li>\n<\/ul>\n<p>N&#8217;h\u00e9sitez pas \u00e0 nous contacter pour obtenir une offre personnalis\u00e9e ! <\/p>\n","protected":false},"excerpt":{"rendered":"<p>Un <strong>vol en montgolfi\u00e8re<\/strong> pour <strong>6 personnes<\/strong> depuis le <strong>Brabant flamand<\/strong> est l&#8217;une des formules de vol propos\u00e9es par Spildooren Ballooning. Profitez avec votre famille, vos amis ou vos proches des vues les plus \u00e9poustouflantes de la Flandre dans une montgolfi\u00e8re.<\/p>\n","protected":false},"featured_media":12323,"template":"","meta":[],"product_brand":[],"product_cat":[864],"product_tag":[876],"class_list":{"0":"post-15268","1":"product","2":"type-product","3":"status-publish","4":"has-post-thumbnail","6":"product_cat-vols-en-montgolfiere","7":"product_tag-brabant-flamand","8":"wcpa_has_options","10":"first","11":"instock","12":"virtual","13":"taxable","14":"purchasable","15":"product-type-simple"},"exclude_global_add_ons":[],"addons":[],"yoast_head":"<!-- This site is optimized with the Yoast SEO Premium plugin v20.8 (Yoast SEO v26.1) - https:\/\/yoast.com\/wordpress\/plugins\/seo\/ -->\n<title>Vol Montgolfi\u00e8re 6 Personnes Brabant Flamand | Spildooren<\/title>\n<meta name=\"description\" content=\"Profitez d&#039;un vol en montgolfi\u00e8re pour 6 personnes depuis le Brabant flamand. Admirez les vues \u00e9poustouflantes avec Spildooren Ballooning!\" \/>\n<link rel=\"canonical\" href=\"https:\/\/spildooren-ballooning.be\/fr\/montgolfiere\/vol-montgolfiere-6-personnes-brabant-flamand\/\" \/>\n<meta property=\"og:locale\" content=\"fr_FR\" \/>\n<meta property=\"og:type\" content=\"article\" \/>\n<meta property=\"og:title\" content=\"Vol Montgolfi\u00e8re 6 personnes Brabant Flamand\" \/>\n<meta property=\"og:description\" content=\"Profitez d&#039;un vol en montgolfi\u00e8re pour 6 personnes depuis le Brabant flamand. Admirez les vues \u00e9poustouflantes avec Spildooren Ballooning!\" \/>\n<meta property=\"og:url\" content=\"https:\/\/spildooren-ballooning.be\/fr\/montgolfiere\/vol-montgolfiere-6-personnes-brabant-flamand\/\" \/>\n<meta property=\"og:site_name\" content=\"Spildooren Ballooning\" \/>\n<meta property=\"article:publisher\" content=\"https:\/\/www.facebook.com\/spildoorenballooning\/\" \/>\n<meta property=\"article:modified_time\" content=\"2025-07-30T09:10:58+00:00\" \/>\n<meta property=\"og:image\" content=\"https:\/\/spildooren-ballooning.be\/wp-content\/uploads\/2020\/03\/ballonvaart-6-personen-vlaams-brabant-box.jpg?_t=1746370469\" \/>\n\t<meta property=\"og:image:width\" content=\"1800\" \/>\n\t<meta property=\"og:image:height\" content=\"1800\" \/>\n\t<meta property=\"og:image:type\" content=\"image\/jpeg\" \/>\n<meta name=\"twitter:card\" content=\"summary_large_image\" \/>\n<meta name=\"twitter:site\" content=\"@ballonvaart__\" \/>\n<meta name=\"twitter:label1\" content=\"Price\" \/>\n\t<meta name=\"twitter:data1\" content=\"&euro;954,00\" \/>\n\t<meta name=\"twitter:label2\" content=\"Availability\" \/>\n\t<meta name=\"twitter:data2\" content=\"In stock\" \/>\n<script type=\"application\/ld+json\" class=\"yoast-schema-graph\">{\"@context\":\"https:\/\/schema.org\",\"@graph\":[{\"@type\":\"WebPage\",\"@id\":\"https:\/\/spildooren-ballooning.be\/fr\/montgolfiere\/vol-montgolfiere-6-personnes-brabant-flamand\/\",\"url\":\"https:\/\/spildooren-ballooning.be\/fr\/montgolfiere\/vol-montgolfiere-6-personnes-brabant-flamand\/\",\"name\":\"Vol Montgolfi\u00e8re 6 Personnes Brabant Flamand | Spildooren\",\"isPartOf\":{\"@id\":\"https:\/\/spildooren-ballooning.be\/fr\/#website\"},\"primaryImageOfPage\":{\"@id\":\"https:\/\/spildooren-ballooning.be\/fr\/montgolfiere\/vol-montgolfiere-6-personnes-brabant-flamand\/#primaryimage\"},\"image\":{\"@id\":\"https:\/\/spildooren-ballooning.be\/fr\/montgolfiere\/vol-montgolfiere-6-personnes-brabant-flamand\/#primaryimage\"},\"thumbnailUrl\":\"https:\/\/spildooren-ballooning.be\/wp-content\/uploads\/2020\/03\/ballonvaart-6-personen-vlaams-brabant-box.jpg\",\"datePublished\":\"2020-03-08T21:56:09+00:00\",\"dateModified\":\"2025-07-30T09:10:58+00:00\",\"description\":\"Profitez d'un vol en montgolfi\u00e8re pour 6 personnes depuis le Brabant flamand. Admirez les vues \u00e9poustouflantes avec Spildooren Ballooning!\",\"breadcrumb\":{\"@id\":\"https:\/\/spildooren-ballooning.be\/fr\/montgolfiere\/vol-montgolfiere-6-personnes-brabant-flamand\/#breadcrumb\"},\"inLanguage\":\"fr-BE\",\"potentialAction\":[{\"@type\":\"ReadAction\",\"target\":[\"https:\/\/spildooren-ballooning.be\/fr\/montgolfiere\/vol-montgolfiere-6-personnes-brabant-flamand\/\"]}]},{\"@type\":\"ImageObject\",\"inLanguage\":\"fr-BE\",\"@id\":\"https:\/\/spildooren-ballooning.be\/fr\/montgolfiere\/vol-montgolfiere-6-personnes-brabant-flamand\/#primaryimage\",\"url\":\"https:\/\/spildooren-ballooning.be\/wp-content\/uploads\/2020\/03\/ballonvaart-6-personen-vlaams-brabant-box.jpg\",\"contentUrl\":\"https:\/\/spildooren-ballooning.be\/wp-content\/uploads\/2020\/03\/ballonvaart-6-personen-vlaams-brabant-box.jpg\",\"width\":1800,\"height\":1800},{\"@type\":\"BreadcrumbList\",\"@id\":\"https:\/\/spildooren-ballooning.be\/fr\/montgolfiere\/vol-montgolfiere-6-personnes-brabant-flamand\/#breadcrumb\",\"itemListElement\":[{\"@type\":\"ListItem\",\"position\":1,\"name\":\"Home\",\"item\":\"https:\/\/spildooren-ballooning.be\/fr\/\"},{\"@type\":\"ListItem\",\"position\":2,\"name\":\"Vols en montgolfi\u00e8re\",\"item\":\"https:\/\/spildooren-ballooning.be\/fr\/vols-montgolfiere\/\"},{\"@type\":\"ListItem\",\"position\":3,\"name\":\"Vol Montgolfi\u00e8re 6 personnes Brabant Flamand\"}]},{\"@type\":\"WebSite\",\"@id\":\"https:\/\/spildooren-ballooning.be\/fr\/#website\",\"url\":\"https:\/\/spildooren-ballooning.be\/fr\/\",\"name\":\"Spildooren Ballooning\",\"description\":\"d\u00e9 specialist in ballonvaarten\",\"publisher\":{\"@id\":\"https:\/\/spildooren-ballooning.be\/fr\/#organization\"},\"alternateName\":\"Spildooren Ballonvaarten\",\"potentialAction\":[{\"@type\":\"SearchAction\",\"target\":{\"@type\":\"EntryPoint\",\"urlTemplate\":\"https:\/\/spildooren-ballooning.be\/fr\/?s={search_term_string}\"},\"query-input\":{\"@type\":\"PropertyValueSpecification\",\"valueRequired\":true,\"valueName\":\"search_term_string\"}}],\"inLanguage\":\"fr-BE\"},{\"@type\":[\"Organization\",\"Place\"],\"@id\":\"https:\/\/spildooren-ballooning.be\/fr\/#organization\",\"name\":\"Spildooren Ballooning Ballonvaarten\",\"alternateName\":\"Spildooren Ballonvaarten\",\"url\":\"https:\/\/spildooren-ballooning.be\/fr\/\",\"logo\":{\"@id\":\"https:\/\/spildooren-ballooning.be\/fr\/montgolfiere\/vol-montgolfiere-6-personnes-brabant-flamand\/#local-main-organization-logo\"},\"image\":{\"@id\":\"https:\/\/spildooren-ballooning.be\/fr\/montgolfiere\/vol-montgolfiere-6-personnes-brabant-flamand\/#local-main-organization-logo\"},\"sameAs\":[\"https:\/\/www.facebook.com\/spildoorenballooning\/\",\"https:\/\/x.com\/ballonvaart__\"],\"address\":{\"@id\":\"https:\/\/spildooren-ballooning.be\/fr\/montgolfiere\/vol-montgolfiere-6-personnes-brabant-flamand\/#local-main-place-address\"},\"telephone\":[\"037763246\",\"0472651235\"],\"openingHoursSpecification\":[],\"email\":\"info@spildooren-ballooning.be\",\"vatID\":\"BE 0691.794.892\"},{\"@type\":\"PostalAddress\",\"@id\":\"https:\/\/spildooren-ballooning.be\/fr\/montgolfiere\/vol-montgolfiere-6-personnes-brabant-flamand\/#local-main-place-address\",\"streetAddress\":\"Prins Boudewijnlaan 51\",\"addressLocality\":\"Sint-Niklaas\",\"postalCode\":\"9100\",\"addressRegion\":\"Oost-Vlaanderen\",\"addressCountry\":\"BE\"},{\"@type\":\"ImageObject\",\"inLanguage\":\"fr-BE\",\"@id\":\"https:\/\/spildooren-ballooning.be\/fr\/montgolfiere\/vol-montgolfiere-6-personnes-brabant-flamand\/#local-main-organization-logo\",\"url\":\"https:\/\/spildooren-ballooning.be\/wp-content\/uploads\/2020\/03\/logo-spildooren-ballooning-ballonvaarten.png\",\"contentUrl\":\"https:\/\/spildooren-ballooning.be\/wp-content\/uploads\/2020\/03\/logo-spildooren-ballooning-ballonvaarten.png\",\"width\":640,\"height\":191,\"caption\":\"Spildooren Ballooning Ballonvaarten\"}]}<\/script>\n<meta property=\"product:price:amount\" content=\"954.00\" \/>\n<meta property=\"product:price:currency\" content=\"EUR\" \/>\n<meta property=\"og:availability\" content=\"instock\" \/>\n<meta property=\"product:availability\" content=\"instock\" \/>\n<meta property=\"product:condition\" content=\"new\" \/>\n<meta name=\"geo.placename\" content=\"Sint-Niklaas\" \/>\n<meta name=\"geo.region\" content=\"Belgium\" \/>\n<!-- \/ Yoast SEO Premium plugin. -->","yoast_head_json":{"title":"Vol Montgolfi\u00e8re 6 Personnes Brabant Flamand | Spildooren","description":"Profitez d'un vol en montgolfi\u00e8re pour 6 personnes depuis le Brabant flamand. Admirez les vues \u00e9poustouflantes avec Spildooren Ballooning!","canonical":"https:\/\/spildooren-ballooning.be\/fr\/montgolfiere\/vol-montgolfiere-6-personnes-brabant-flamand\/","og_locale":"fr_FR","og_type":"article","og_title":"Vol Montgolfi\u00e8re 6 personnes Brabant Flamand","og_description":"Profitez d'un vol en montgolfi\u00e8re pour 6 personnes depuis le Brabant flamand. Admirez les vues \u00e9poustouflantes avec Spildooren Ballooning!","og_url":"https:\/\/spildooren-ballooning.be\/fr\/montgolfiere\/vol-montgolfiere-6-personnes-brabant-flamand\/","og_site_name":"Spildooren Ballooning","article_publisher":"https:\/\/www.facebook.com\/spildoorenballooning\/","article_modified_time":"2025-07-30T09:10:58+00:00","og_image":[{"width":1800,"height":1800,"url":"https:\/\/spildooren-ballooning.be\/wp-content\/uploads\/2020\/03\/ballonvaart-6-personen-vlaams-brabant-box.jpg?_t=1746370469","type":"image\/jpeg"}],"twitter_card":"summary_large_image","twitter_site":"@ballonvaart__","twitter_misc":{"Price":"&euro;954,00","Availability":"In stock"},"schema":{"@context":"https:\/\/schema.org","@graph":[{"@type":"WebPage","@id":"https:\/\/spildooren-ballooning.be\/fr\/montgolfiere\/vol-montgolfiere-6-personnes-brabant-flamand\/","url":"https:\/\/spildooren-ballooning.be\/fr\/montgolfiere\/vol-montgolfiere-6-personnes-brabant-flamand\/","name":"Vol Montgolfi\u00e8re 6 Personnes Brabant Flamand | Spildooren","isPartOf":{"@id":"https:\/\/spildooren-ballooning.be\/fr\/#website"},"primaryImageOfPage":{"@id":"https:\/\/spildooren-ballooning.be\/fr\/montgolfiere\/vol-montgolfiere-6-personnes-brabant-flamand\/#primaryimage"},"image":{"@id":"https:\/\/spildooren-ballooning.be\/fr\/montgolfiere\/vol-montgolfiere-6-personnes-brabant-flamand\/#primaryimage"},"thumbnailUrl":"https:\/\/spildooren-ballooning.be\/wp-content\/uploads\/2020\/03\/ballonvaart-6-personen-vlaams-brabant-box.jpg","datePublished":"2020-03-08T21:56:09+00:00","dateModified":"2025-07-30T09:10:58+00:00","description":"Profitez d'un vol en montgolfi\u00e8re pour 6 personnes depuis le Brabant flamand. Admirez les vues \u00e9poustouflantes avec Spildooren Ballooning!","breadcrumb":{"@id":"https:\/\/spildooren-ballooning.be\/fr\/montgolfiere\/vol-montgolfiere-6-personnes-brabant-flamand\/#breadcrumb"},"inLanguage":"fr-BE","potentialAction":[{"@type":"ReadAction","target":["https:\/\/spildooren-ballooning.be\/fr\/montgolfiere\/vol-montgolfiere-6-personnes-brabant-flamand\/"]}]},{"@type":"ImageObject","inLanguage":"fr-BE","@id":"https:\/\/spildooren-ballooning.be\/fr\/montgolfiere\/vol-montgolfiere-6-personnes-brabant-flamand\/#primaryimage","url":"https:\/\/spildooren-ballooning.be\/wp-content\/uploads\/2020\/03\/ballonvaart-6-personen-vlaams-brabant-box.jpg","contentUrl":"https:\/\/spildooren-ballooning.be\/wp-content\/uploads\/2020\/03\/ballonvaart-6-personen-vlaams-brabant-box.jpg","width":1800,"height":1800},{"@type":"BreadcrumbList","@id":"https:\/\/spildooren-ballooning.be\/fr\/montgolfiere\/vol-montgolfiere-6-personnes-brabant-flamand\/#breadcrumb","itemListElement":[{"@type":"ListItem","position":1,"name":"Home","item":"https:\/\/spildooren-ballooning.be\/fr\/"},{"@type":"ListItem","position":2,"name":"Vols en montgolfi\u00e8re","item":"https:\/\/spildooren-ballooning.be\/fr\/vols-montgolfiere\/"},{"@type":"ListItem","position":3,"name":"Vol Montgolfi\u00e8re 6 personnes Brabant Flamand"}]},{"@type":"WebSite","@id":"https:\/\/spildooren-ballooning.be\/fr\/#website","url":"https:\/\/spildooren-ballooning.be\/fr\/","name":"Spildooren Ballooning","description":"d\u00e9 specialist in ballonvaarten","publisher":{"@id":"https:\/\/spildooren-ballooning.be\/fr\/#organization"},"alternateName":"Spildooren Ballonvaarten","potentialAction":[{"@type":"SearchAction","target":{"@type":"EntryPoint","urlTemplate":"https:\/\/spildooren-ballooning.be\/fr\/?s={search_term_string}"},"query-input":{"@type":"PropertyValueSpecification","valueRequired":true,"valueName":"search_term_string"}}],"inLanguage":"fr-BE"},{"@type":["Organization","Place"],"@id":"https:\/\/spildooren-ballooning.be\/fr\/#organization","name":"Spildooren Ballooning Ballonvaarten","alternateName":"Spildooren Ballonvaarten","url":"https:\/\/spildooren-ballooning.be\/fr\/","logo":{"@id":"https:\/\/spildooren-ballooning.be\/fr\/montgolfiere\/vol-montgolfiere-6-personnes-brabant-flamand\/#local-main-organization-logo"},"image":{"@id":"https:\/\/spildooren-ballooning.be\/fr\/montgolfiere\/vol-montgolfiere-6-personnes-brabant-flamand\/#local-main-organization-logo"},"sameAs":["https:\/\/www.facebook.com\/spildoorenballooning\/","https:\/\/x.com\/ballonvaart__"],"address":{"@id":"https:\/\/spildooren-ballooning.be\/fr\/montgolfiere\/vol-montgolfiere-6-personnes-brabant-flamand\/#local-main-place-address"},"telephone":["037763246","0472651235","037763246","0472651235"],"openingHoursSpecification":[],"email":"info@spildooren-ballooning.be","vatID":"BE 0691.794.892"},{"@type":"PostalAddress","@id":"https:\/\/spildooren-ballooning.be\/fr\/montgolfiere\/vol-montgolfiere-6-personnes-brabant-flamand\/#local-main-place-address","streetAddress":"Prins Boudewijnlaan 51","addressLocality":"Sint-Niklaas","postalCode":"9100","addressRegion":"Oost-Vlaanderen","addressCountry":"BE"},{"@type":"ImageObject","inLanguage":"fr-BE","@id":"https:\/\/spildooren-ballooning.be\/fr\/montgolfiere\/vol-montgolfiere-6-personnes-brabant-flamand\/#local-main-organization-logo","url":"https:\/\/spildooren-ballooning.be\/wp-content\/uploads\/2020\/03\/logo-spildooren-ballooning-ballonvaarten.png","contentUrl":"https:\/\/spildooren-ballooning.be\/wp-content\/uploads\/2020\/03\/logo-spildooren-ballooning-ballonvaarten.png","width":640,"height":191,"caption":"Spildooren Ballooning Ballonvaarten"}]},"product_price_amount":"954.00","product_price_currency":"EUR","og_availability":"instock","product_availability":"instock","product_condition":"new","geo.placename":"Sint-Niklaas","geo.region":"Belgium"},"_links":{"self":[{"href":"https:\/\/spildooren-ballooning.be\/fr\/wp-json\/wp\/v2\/product\/15268","targetHints":{"allow":["GET"]}}],"collection":[{"href":"https:\/\/spildooren-ballooning.be\/fr\/wp-json\/wp\/v2\/product"}],"about":[{"href":"https:\/\/spildooren-ballooning.be\/fr\/wp-json\/wp\/v2\/types\/product"}],"wp:featuredmedia":[{"embeddable":true,"href":"https:\/\/spildooren-ballooning.be\/fr\/wp-json\/wp\/v2\/media\/12323"}],"wp:attachment":[{"href":"https:\/\/spildooren-ballooning.be\/fr\/wp-json\/wp\/v2\/media?parent=15268"}],"wp:term":[{"taxonomy":"product_brand","embeddable":true,"href":"https:\/\/spildooren-ballooning.be\/fr\/wp-json\/wp\/v2\/product_brand?post=15268"},{"taxonomy":"product_cat","embeddable":true,"href":"https:\/\/spildooren-ballooning.be\/fr\/wp-json\/wp\/v2\/product_cat?post=15268"},{"taxonomy":"product_tag","embeddable":true,"href":"https:\/\/spildooren-ballooning.be\/fr\/wp-json\/wp\/v2\/product_tag?post=15268"}],"curies":[{"name":"wp","href":"https:\/\/api.w.org\/{rel}","templated":true}]}}