{"id":14922,"date":"2023-11-10T10:51:48","date_gmt":"2023-11-10T09:51:48","guid":{"rendered":"https:\/\/spildooren-ballooning.be\/ballonvaarten\/prive-ballonvaart-6-personen-sint-niklaas\/"},"modified":"2025-08-03T18:40:07","modified_gmt":"2025-08-03T16:40:07","slug":"vol-montgolfiere-prive-6-personnes-saint-nicolas","status":"publish","type":"product","link":"https:\/\/spildooren-ballooning.be\/fr\/montgolfiere\/vol-montgolfiere-prive-6-personnes-saint-nicolas\/","title":{"rendered":"Vol priv\u00e9 Montgolfi\u00e8re 6 personnes Saint-Nicolas"},"content":{"rendered":"<p>\u00cates-vous \u00e0 la recherche d&#8217;une sortie aventureuse ou d&#8217;un cadeau exclusif? Chez Spildooren Ballooning, nous proposons des vols en montgolfi\u00e8re originaux. Pensez par exemple \u00e0 un <strong>vol priv\u00e9 en montgolfi\u00e8re pour six<\/strong> depuis <strong>Saint-Nicolas<\/strong>. Car avouons-le, quoi de mieux que de flotter ensemble au-dessus du paysage du Waasland en direction du coucher de soleil?<\/p>\n<h2>Voler en montgolfi\u00e8re avec 6 passagers et un pilote!<\/h2>\n<p>Vivez l&#8217;une des formes les plus exclusives de vol en montgolfi\u00e8re lors d&#8217;un vol dans une <strong>montgolfi\u00e8re r\u00e9serv\u00e9e en priv\u00e9<\/strong> pour 6 passagers. Il n&#8217;y a pas d&#8217;autres personnes dans la nacelle \u00e0 l&#8217;exception de notre pilote exp\u00e9riment\u00e9.<\/p>\n<p>L&#8217;atmosph\u00e8re d\u00e9tendue, les vues \u00e0 couper le souffle depuis une montgolfi\u00e8re priv\u00e9e et l&#8217;ap\u00e9ritif apr\u00e8s le vol ne sont que quelques-uns des nombreux atouts qui rendent ce vol unique. Notre formule VIP est parfaitement adapt\u00e9e comme cadeau d&#8217;anniversaire original, cadeau de jubil\u00e9, sortie familiale, etc.<\/p>\n<blockquote><p>Voulez-vous surprendre quelqu&#8217;un avec un vol priv\u00e9 en montgolfi\u00e8re pour 6 personnes? N&#8217;h\u00e9sitez pas \u00e0 consulter notre page de bons cadeaux.<\/p><\/blockquote>\n<h2>Qu&#8217;est-ce qui est inclus?<\/h2>\n<ul>\n<li>Montgolfi\u00e8re r\u00e9serv\u00e9e en priv\u00e9 avec pilote<\/li>\n<li>Bulles apr\u00e8s le vol sur le lieu d&#8217;atterrissage<\/li>\n<li>Mise \u00e0 jour r\u00e9guli\u00e8re sur les conditions m\u00e9t\u00e9orologiques et le lieu de d\u00e9collage<\/li>\n<li>Briefing complet sur le vol avant votre d\u00e9collage<\/li>\n<li>Spectaculaire vol en montgolfi\u00e8re d&#8217;environ une heure<\/li>\n<li>Bapt\u00eame traditionnel au champagne des passagers apr\u00e8s coup (sur demande)<\/li>\n<li>Souvenir personnalis\u00e9<\/li>\n<li>Encadrement par une \u00e9quipe exp\u00e9riment\u00e9e et enthousiaste<\/li>\n<li>Assurance compl\u00e8te des passagers par Spildooren Ballooning<\/li>\n<\/ul>\n<h2>Comment se d\u00e9roule un vol priv\u00e9 en montgolfi\u00e8re?<\/h2>\n<p>Toute l&#8217;aventure commence avant m\u00eame que vous ne preniez place dans la nacelle. L&#8217;\u00e9quipe pr\u00e9pare la montgolfi\u00e8re avant le d\u00e9part. Vous pouvez suivre tout le processus de gonflage de A \u00e0 Z. Pendant les pr\u00e9paratifs, vous recevrez un briefing personnel par le pilote. Toutes les informations n\u00e9cessaires et consignes de s\u00e9curit\u00e9 vous seront expliqu\u00e9es en d\u00e9tail. Lors du briefing, le pilote expliquera \u00e9galement pourquoi voler en montgolfi\u00e8re est le sport a\u00e9rien le plus s\u00fbr au monde. Ainsi, m\u00eame le passager le plus stress\u00e9 pourra profiter pleinement du vol qui dure environ une heure.<\/p>\n<p>Cerise sur le g\u00e2teau, un ap\u00e9ritif copieux vous attendra sur le lieu d&#8217;atterrissage pour cl\u00f4turer agr\u00e9ablement cette exp\u00e9rience ph\u00e9nom\u00e9nale. Sur demande, nous proposons \u00e9galement un bapt\u00eame traditionnel au champagne. Ensuite, vous serez ramen\u00e9 au lieu de d\u00e9collage.<\/p>\n<h2>Vol priv\u00e9 en montgolfi\u00e8re sur mesure?<\/h2>\n<p>Avez-vous des souhaits sp\u00e9cifiques pour votre vol, comme un autre lieu de d\u00e9collage? N&#8217;h\u00e9sitez pas \u00e0 nous contacter!<\/p>\n","protected":false},"excerpt":{"rendered":"<p>\u00cates-vous \u00e0 la recherche d&#8217;une <strong>excursion aventureuse<\/strong> ou d&#8217;un <strong>cadeau exclusif<\/strong>? Optez pour notre <strong>vol priv\u00e9 en montgolfi\u00e8re pour 6 personnes<\/strong> depuis <b>Saint-Nicolas<\/b> et profitez des plus belles vues sur le <b>paysage du Pays de Waes<\/b>.<\/p>\n","protected":false},"featured_media":12891,"template":"","meta":[],"product_brand":[],"product_cat":[870],"product_tag":[875],"class_list":{"0":"post-14922","1":"product","2":"type-product","3":"status-publish","4":"has-post-thumbnail","6":"product_cat-vol-vip","7":"product_tag-saint-nicolas","8":"wcpa_has_options","10":"first","11":"instock","12":"virtual","13":"taxable","14":"purchasable","15":"product-type-simple"},"exclude_global_add_ons":[],"addons":[],"yoast_head":"<!-- This site is optimized with the Yoast SEO Premium plugin v20.8 (Yoast SEO v26.1) - https:\/\/yoast.com\/wordpress\/plugins\/seo\/ -->\n<title>Vol Montgolfi\u00e8re Priv\u00e9 Saint-Nicolas | Spildooren<\/title>\n<meta name=\"description\" content=\"Vol priv\u00e9 en montgolfi\u00e8re pour 6 \u00e0 Saint-Nicolas. Admirez le paysage du Pays de Waes. R\u00e9servez votre aventure exclusive d\u00e8s maintenant!\" \/>\n<link rel=\"canonical\" href=\"https:\/\/spildooren-ballooning.be\/fr\/montgolfiere\/vol-montgolfiere-prive-6-personnes-saint-nicolas\/\" \/>\n<meta property=\"og:locale\" content=\"fr_FR\" \/>\n<meta property=\"og:type\" content=\"article\" \/>\n<meta property=\"og:title\" content=\"Vol priv\u00e9 Montgolfi\u00e8re 6 personnes Saint-Nicolas\" \/>\n<meta property=\"og:description\" content=\"Vol priv\u00e9 en montgolfi\u00e8re pour 6 \u00e0 Saint-Nicolas. Admirez le paysage du Pays de Waes. R\u00e9servez votre aventure exclusive d\u00e8s maintenant!\" \/>\n<meta property=\"og:url\" content=\"https:\/\/spildooren-ballooning.be\/fr\/montgolfiere\/vol-montgolfiere-prive-6-personnes-saint-nicolas\/\" \/>\n<meta property=\"og:site_name\" content=\"Spildooren Ballooning\" \/>\n<meta property=\"article:publisher\" content=\"https:\/\/www.facebook.com\/spildoorenballooning\/\" \/>\n<meta property=\"article:modified_time\" content=\"2025-08-03T16:40:07+00:00\" \/>\n<meta property=\"og:image\" content=\"https:\/\/spildooren-ballooning.be\/wp-content\/uploads\/2023\/11\/prive-ballonvaart-6-personen.jpg?_t=1746369994\" \/>\n\t<meta property=\"og:image:width\" content=\"2000\" \/>\n\t<meta property=\"og:image:height\" content=\"2000\" \/>\n\t<meta property=\"og:image:type\" content=\"image\/jpeg\" \/>\n<meta name=\"twitter:card\" content=\"summary_large_image\" \/>\n<meta name=\"twitter:site\" content=\"@ballonvaart__\" \/>\n<meta name=\"twitter:label1\" content=\"Price\" \/>\n\t<meta name=\"twitter:data1\" content=\"&euro;1.099,00\" \/>\n\t<meta name=\"twitter:label2\" content=\"Availability\" \/>\n\t<meta name=\"twitter:data2\" content=\"In stock\" \/>\n<script type=\"application\/ld+json\" class=\"yoast-schema-graph\">{\"@context\":\"https:\/\/schema.org\",\"@graph\":[{\"@type\":\"WebPage\",\"@id\":\"https:\/\/spildooren-ballooning.be\/fr\/montgolfiere\/vol-montgolfiere-prive-6-personnes-saint-nicolas\/\",\"url\":\"https:\/\/spildooren-ballooning.be\/fr\/montgolfiere\/vol-montgolfiere-prive-6-personnes-saint-nicolas\/\",\"name\":\"Vol Montgolfi\u00e8re Priv\u00e9 Saint-Nicolas | Spildooren\",\"isPartOf\":{\"@id\":\"https:\/\/spildooren-ballooning.be\/fr\/#website\"},\"primaryImageOfPage\":{\"@id\":\"https:\/\/spildooren-ballooning.be\/fr\/montgolfiere\/vol-montgolfiere-prive-6-personnes-saint-nicolas\/#primaryimage\"},\"image\":{\"@id\":\"https:\/\/spildooren-ballooning.be\/fr\/montgolfiere\/vol-montgolfiere-prive-6-personnes-saint-nicolas\/#primaryimage\"},\"thumbnailUrl\":\"https:\/\/spildooren-ballooning.be\/wp-content\/uploads\/2023\/11\/prive-ballonvaart-6-personen.jpg\",\"datePublished\":\"2023-11-10T09:51:48+00:00\",\"dateModified\":\"2025-08-03T16:40:07+00:00\",\"description\":\"Vol priv\u00e9 en montgolfi\u00e8re pour 6 \u00e0 Saint-Nicolas. Admirez le paysage du Pays de Waes. R\u00e9servez votre aventure exclusive d\u00e8s maintenant!\",\"breadcrumb\":{\"@id\":\"https:\/\/spildooren-ballooning.be\/fr\/montgolfiere\/vol-montgolfiere-prive-6-personnes-saint-nicolas\/#breadcrumb\"},\"inLanguage\":\"fr-BE\",\"potentialAction\":[{\"@type\":\"ReadAction\",\"target\":[\"https:\/\/spildooren-ballooning.be\/fr\/montgolfiere\/vol-montgolfiere-prive-6-personnes-saint-nicolas\/\"]}]},{\"@type\":\"ImageObject\",\"inLanguage\":\"fr-BE\",\"@id\":\"https:\/\/spildooren-ballooning.be\/fr\/montgolfiere\/vol-montgolfiere-prive-6-personnes-saint-nicolas\/#primaryimage\",\"url\":\"https:\/\/spildooren-ballooning.be\/wp-content\/uploads\/2023\/11\/prive-ballonvaart-6-personen.jpg\",\"contentUrl\":\"https:\/\/spildooren-ballooning.be\/wp-content\/uploads\/2023\/11\/prive-ballonvaart-6-personen.jpg\",\"width\":2000,\"height\":2000},{\"@type\":\"BreadcrumbList\",\"@id\":\"https:\/\/spildooren-ballooning.be\/fr\/montgolfiere\/vol-montgolfiere-prive-6-personnes-saint-nicolas\/#breadcrumb\",\"itemListElement\":[{\"@type\":\"ListItem\",\"position\":1,\"name\":\"Home\",\"item\":\"https:\/\/spildooren-ballooning.be\/fr\/\"},{\"@type\":\"ListItem\",\"position\":2,\"name\":\"Vols en montgolfi\u00e8re\",\"item\":\"https:\/\/spildooren-ballooning.be\/fr\/vols-montgolfiere\/\"},{\"@type\":\"ListItem\",\"position\":3,\"name\":\"Vol priv\u00e9 Montgolfi\u00e8re 6 personnes Saint-Nicolas\"}]},{\"@type\":\"WebSite\",\"@id\":\"https:\/\/spildooren-ballooning.be\/fr\/#website\",\"url\":\"https:\/\/spildooren-ballooning.be\/fr\/\",\"name\":\"Spildooren Ballooning\",\"description\":\"d\u00e9 specialist in ballonvaarten\",\"publisher\":{\"@id\":\"https:\/\/spildooren-ballooning.be\/fr\/#organization\"},\"alternateName\":\"Spildooren Ballonvaarten\",\"potentialAction\":[{\"@type\":\"SearchAction\",\"target\":{\"@type\":\"EntryPoint\",\"urlTemplate\":\"https:\/\/spildooren-ballooning.be\/fr\/?s={search_term_string}\"},\"query-input\":{\"@type\":\"PropertyValueSpecification\",\"valueRequired\":true,\"valueName\":\"search_term_string\"}}],\"inLanguage\":\"fr-BE\"},{\"@type\":[\"Organization\",\"Place\"],\"@id\":\"https:\/\/spildooren-ballooning.be\/fr\/#organization\",\"name\":\"Spildooren Ballooning Ballonvaarten\",\"alternateName\":\"Spildooren Ballonvaarten\",\"url\":\"https:\/\/spildooren-ballooning.be\/fr\/\",\"logo\":{\"@id\":\"https:\/\/spildooren-ballooning.be\/fr\/montgolfiere\/vol-montgolfiere-prive-6-personnes-saint-nicolas\/#local-main-organization-logo\"},\"image\":{\"@id\":\"https:\/\/spildooren-ballooning.be\/fr\/montgolfiere\/vol-montgolfiere-prive-6-personnes-saint-nicolas\/#local-main-organization-logo\"},\"sameAs\":[\"https:\/\/www.facebook.com\/spildoorenballooning\/\",\"https:\/\/x.com\/ballonvaart__\"],\"address\":{\"@id\":\"https:\/\/spildooren-ballooning.be\/fr\/montgolfiere\/vol-montgolfiere-prive-6-personnes-saint-nicolas\/#local-main-place-address\"},\"telephone\":[\"037763246\",\"0472651235\"],\"openingHoursSpecification\":[],\"email\":\"info@spildooren-ballooning.be\",\"vatID\":\"BE 0691.794.892\"},{\"@type\":\"PostalAddress\",\"@id\":\"https:\/\/spildooren-ballooning.be\/fr\/montgolfiere\/vol-montgolfiere-prive-6-personnes-saint-nicolas\/#local-main-place-address\",\"streetAddress\":\"Prins Boudewijnlaan 51\",\"addressLocality\":\"Sint-Niklaas\",\"postalCode\":\"9100\",\"addressRegion\":\"Oost-Vlaanderen\",\"addressCountry\":\"BE\"},{\"@type\":\"ImageObject\",\"inLanguage\":\"fr-BE\",\"@id\":\"https:\/\/spildooren-ballooning.be\/fr\/montgolfiere\/vol-montgolfiere-prive-6-personnes-saint-nicolas\/#local-main-organization-logo\",\"url\":\"https:\/\/spildooren-ballooning.be\/wp-content\/uploads\/2020\/03\/logo-spildooren-ballooning-ballonvaarten.png\",\"contentUrl\":\"https:\/\/spildooren-ballooning.be\/wp-content\/uploads\/2020\/03\/logo-spildooren-ballooning-ballonvaarten.png\",\"width\":640,\"height\":191,\"caption\":\"Spildooren Ballooning Ballonvaarten\"}]}<\/script>\n<meta property=\"product:price:amount\" content=\"1099.00\" \/>\n<meta property=\"product:price:currency\" content=\"EUR\" \/>\n<meta property=\"og:availability\" content=\"instock\" \/>\n<meta property=\"product:availability\" content=\"instock\" \/>\n<meta property=\"product:condition\" content=\"new\" \/>\n<meta name=\"geo.placename\" content=\"Sint-Niklaas\" \/>\n<meta name=\"geo.region\" content=\"Belgium\" \/>\n<!-- \/ Yoast SEO Premium plugin. -->","yoast_head_json":{"title":"Vol Montgolfi\u00e8re Priv\u00e9 Saint-Nicolas | Spildooren","description":"Vol priv\u00e9 en montgolfi\u00e8re pour 6 \u00e0 Saint-Nicolas. Admirez le paysage du Pays de Waes. R\u00e9servez votre aventure exclusive d\u00e8s maintenant!","canonical":"https:\/\/spildooren-ballooning.be\/fr\/montgolfiere\/vol-montgolfiere-prive-6-personnes-saint-nicolas\/","og_locale":"fr_FR","og_type":"article","og_title":"Vol priv\u00e9 Montgolfi\u00e8re 6 personnes Saint-Nicolas","og_description":"Vol priv\u00e9 en montgolfi\u00e8re pour 6 \u00e0 Saint-Nicolas. Admirez le paysage du Pays de Waes. R\u00e9servez votre aventure exclusive d\u00e8s maintenant!","og_url":"https:\/\/spildooren-ballooning.be\/fr\/montgolfiere\/vol-montgolfiere-prive-6-personnes-saint-nicolas\/","og_site_name":"Spildooren Ballooning","article_publisher":"https:\/\/www.facebook.com\/spildoorenballooning\/","article_modified_time":"2025-08-03T16:40:07+00:00","og_image":[{"width":2000,"height":2000,"url":"https:\/\/spildooren-ballooning.be\/wp-content\/uploads\/2023\/11\/prive-ballonvaart-6-personen.jpg?_t=1746369994","type":"image\/jpeg"}],"twitter_card":"summary_large_image","twitter_site":"@ballonvaart__","twitter_misc":{"Price":"&euro;1.099,00","Availability":"In stock"},"schema":{"@context":"https:\/\/schema.org","@graph":[{"@type":"WebPage","@id":"https:\/\/spildooren-ballooning.be\/fr\/montgolfiere\/vol-montgolfiere-prive-6-personnes-saint-nicolas\/","url":"https:\/\/spildooren-ballooning.be\/fr\/montgolfiere\/vol-montgolfiere-prive-6-personnes-saint-nicolas\/","name":"Vol Montgolfi\u00e8re Priv\u00e9 Saint-Nicolas | Spildooren","isPartOf":{"@id":"https:\/\/spildooren-ballooning.be\/fr\/#website"},"primaryImageOfPage":{"@id":"https:\/\/spildooren-ballooning.be\/fr\/montgolfiere\/vol-montgolfiere-prive-6-personnes-saint-nicolas\/#primaryimage"},"image":{"@id":"https:\/\/spildooren-ballooning.be\/fr\/montgolfiere\/vol-montgolfiere-prive-6-personnes-saint-nicolas\/#primaryimage"},"thumbnailUrl":"https:\/\/spildooren-ballooning.be\/wp-content\/uploads\/2023\/11\/prive-ballonvaart-6-personen.jpg","datePublished":"2023-11-10T09:51:48+00:00","dateModified":"2025-08-03T16:40:07+00:00","description":"Vol priv\u00e9 en montgolfi\u00e8re pour 6 \u00e0 Saint-Nicolas. Admirez le paysage du Pays de Waes. R\u00e9servez votre aventure exclusive d\u00e8s maintenant!","breadcrumb":{"@id":"https:\/\/spildooren-ballooning.be\/fr\/montgolfiere\/vol-montgolfiere-prive-6-personnes-saint-nicolas\/#breadcrumb"},"inLanguage":"fr-BE","potentialAction":[{"@type":"ReadAction","target":["https:\/\/spildooren-ballooning.be\/fr\/montgolfiere\/vol-montgolfiere-prive-6-personnes-saint-nicolas\/"]}]},{"@type":"ImageObject","inLanguage":"fr-BE","@id":"https:\/\/spildooren-ballooning.be\/fr\/montgolfiere\/vol-montgolfiere-prive-6-personnes-saint-nicolas\/#primaryimage","url":"https:\/\/spildooren-ballooning.be\/wp-content\/uploads\/2023\/11\/prive-ballonvaart-6-personen.jpg","contentUrl":"https:\/\/spildooren-ballooning.be\/wp-content\/uploads\/2023\/11\/prive-ballonvaart-6-personen.jpg","width":2000,"height":2000},{"@type":"BreadcrumbList","@id":"https:\/\/spildooren-ballooning.be\/fr\/montgolfiere\/vol-montgolfiere-prive-6-personnes-saint-nicolas\/#breadcrumb","itemListElement":[{"@type":"ListItem","position":1,"name":"Home","item":"https:\/\/spildooren-ballooning.be\/fr\/"},{"@type":"ListItem","position":2,"name":"Vols en montgolfi\u00e8re","item":"https:\/\/spildooren-ballooning.be\/fr\/vols-montgolfiere\/"},{"@type":"ListItem","position":3,"name":"Vol priv\u00e9 Montgolfi\u00e8re 6 personnes Saint-Nicolas"}]},{"@type":"WebSite","@id":"https:\/\/spildooren-ballooning.be\/fr\/#website","url":"https:\/\/spildooren-ballooning.be\/fr\/","name":"Spildooren Ballooning","description":"d\u00e9 specialist in ballonvaarten","publisher":{"@id":"https:\/\/spildooren-ballooning.be\/fr\/#organization"},"alternateName":"Spildooren Ballonvaarten","potentialAction":[{"@type":"SearchAction","target":{"@type":"EntryPoint","urlTemplate":"https:\/\/spildooren-ballooning.be\/fr\/?s={search_term_string}"},"query-input":{"@type":"PropertyValueSpecification","valueRequired":true,"valueName":"search_term_string"}}],"inLanguage":"fr-BE"},{"@type":["Organization","Place"],"@id":"https:\/\/spildooren-ballooning.be\/fr\/#organization","name":"Spildooren Ballooning Ballonvaarten","alternateName":"Spildooren Ballonvaarten","url":"https:\/\/spildooren-ballooning.be\/fr\/","logo":{"@id":"https:\/\/spildooren-ballooning.be\/fr\/montgolfiere\/vol-montgolfiere-prive-6-personnes-saint-nicolas\/#local-main-organization-logo"},"image":{"@id":"https:\/\/spildooren-ballooning.be\/fr\/montgolfiere\/vol-montgolfiere-prive-6-personnes-saint-nicolas\/#local-main-organization-logo"},"sameAs":["https:\/\/www.facebook.com\/spildoorenballooning\/","https:\/\/x.com\/ballonvaart__"],"address":{"@id":"https:\/\/spildooren-ballooning.be\/fr\/montgolfiere\/vol-montgolfiere-prive-6-personnes-saint-nicolas\/#local-main-place-address"},"telephone":["037763246","0472651235","037763246","0472651235"],"openingHoursSpecification":[],"email":"info@spildooren-ballooning.be","vatID":"BE 0691.794.892"},{"@type":"PostalAddress","@id":"https:\/\/spildooren-ballooning.be\/fr\/montgolfiere\/vol-montgolfiere-prive-6-personnes-saint-nicolas\/#local-main-place-address","streetAddress":"Prins Boudewijnlaan 51","addressLocality":"Sint-Niklaas","postalCode":"9100","addressRegion":"Oost-Vlaanderen","addressCountry":"BE"},{"@type":"ImageObject","inLanguage":"fr-BE","@id":"https:\/\/spildooren-ballooning.be\/fr\/montgolfiere\/vol-montgolfiere-prive-6-personnes-saint-nicolas\/#local-main-organization-logo","url":"https:\/\/spildooren-ballooning.be\/wp-content\/uploads\/2020\/03\/logo-spildooren-ballooning-ballonvaarten.png","contentUrl":"https:\/\/spildooren-ballooning.be\/wp-content\/uploads\/2020\/03\/logo-spildooren-ballooning-ballonvaarten.png","width":640,"height":191,"caption":"Spildooren Ballooning Ballonvaarten"}]},"product_price_amount":"1099.00","product_price_currency":"EUR","og_availability":"instock","product_availability":"instock","product_condition":"new","geo.placename":"Sint-Niklaas","geo.region":"Belgium"},"_links":{"self":[{"href":"https:\/\/spildooren-ballooning.be\/fr\/wp-json\/wp\/v2\/product\/14922","targetHints":{"allow":["GET"]}}],"collection":[{"href":"https:\/\/spildooren-ballooning.be\/fr\/wp-json\/wp\/v2\/product"}],"about":[{"href":"https:\/\/spildooren-ballooning.be\/fr\/wp-json\/wp\/v2\/types\/product"}],"wp:featuredmedia":[{"embeddable":true,"href":"https:\/\/spildooren-ballooning.be\/fr\/wp-json\/wp\/v2\/media\/12891"}],"wp:attachment":[{"href":"https:\/\/spildooren-ballooning.be\/fr\/wp-json\/wp\/v2\/media?parent=14922"}],"wp:term":[{"taxonomy":"product_brand","embeddable":true,"href":"https:\/\/spildooren-ballooning.be\/fr\/wp-json\/wp\/v2\/product_brand?post=14922"},{"taxonomy":"product_cat","embeddable":true,"href":"https:\/\/spildooren-ballooning.be\/fr\/wp-json\/wp\/v2\/product_cat?post=14922"},{"taxonomy":"product_tag","embeddable":true,"href":"https:\/\/spildooren-ballooning.be\/fr\/wp-json\/wp\/v2\/product_tag?post=14922"}],"curies":[{"name":"wp","href":"https:\/\/api.w.org\/{rel}","templated":true}]}}